{"id":435,"date":"2020-12-14T09:50:39","date_gmt":"2020-12-14T09:50:39","guid":{"rendered":"http:\/\/bens-bestattungen.de\/?page_id=435"},"modified":"2023-12-14T08:41:45","modified_gmt":"2023-12-14T08:41:45","slug":"kontakt","status":"publish","type":"page","link":"https:\/\/bens-bestattungen.de\/index.php\/kontakt\/","title":{"rendered":"Kontakt"},"content":{"rendered":"<h1>\n<h1 style=\"text-align: center;\">Kontakt<\/h1>\n<\/h1>\n<hr>\n<ul>\n<li>\n<h2>Bens Bestattungen<\/h2>\n<p>Hauptsitz und Postanschrift<\/p>\n<div>\n<p><span>Fr\u00f6belstr. 1<\/span><br \/><span>26954 Nordenham<\/span><br \/><strong>+49 (0) 4731-2 11 69<\/p>\n<p><\/strong><\/p>\n<\/div>\n<\/li>\n<li>\n<h2>Nordenham<\/h2>\n<p>Besprechungs-, Ausstellungs- und Abschiedsr\u00e4ume<\/p>\n<div>\n<p>Fr\u00f6belstr. 1<br \/>26954 Nordenham<\/p>\n<\/p>\n<p data-pm-slice=\"1 1 [&quot;bulletList&quot;,null,&quot;listItem&quot;,null]\">Sarver Stra\u00dfe 51<br \/>26954 Nordenham<\/p>\n<\/div>\n<\/li>\n<li>\n<h2>Kleine Kapelle Bens<\/h2>\n<p>Abschiedsr\u00e4ume und Andachtshalle<\/p>\n<div>\n<p>St.\u2013Laurentius-Stra\u00dfe 7<br \/>26954 Nordenham<\/p>\n<\/div>\n<\/li>\n<\/ul>\n<ul>\n<li>\n<p>53.4979,8.4464<\/p>\n<h3>Bens Bestattungen Hauptsitz<\/h3>\n<div>\n<p>Sarver Stra\u00dfe 48<br \/>26954 Nordenham<\/p>\n<\/div>\n<\/li>\n<li>\n<p>53.4994,8.47677<\/p>\n<h3>Bens Bestattungen Abschiedsraum in Nordenham<\/h3>\n<div>\n<p>Fr\u00f6belstr. 1<br \/>26954 Nordenham<\/p>\n<\/div>\n<\/li>\n<li>\n<p>53.4021,8.45282<\/p>\n<h3>Bens Bestattungen Abschiedsraum in Rodenkirchen<\/h3>\n<div>\n<p>Stadlander Platz 4a<br \/>26935 Stadland-Rodenkirchen<\/p>\n<\/div>\n<\/li>\n<li>\n<p>53.3421,8.4213<\/p>\n<h3>Bens Bestattungen Abschiedsraum in Ovelg\u00f6nne<\/h3>\n<div>\n<p>Breite Stra\u00dfe 21<br \/>26939 Ovelg\u00f6nne<\/p>\n<\/div>\n<\/li>\n<li>\n<p>53.4845,8.4363<\/p>\n<h3>Kleine Kapelle Bens<\/h3>\n<div>\n<p>St.\u2013Laurentius-Stra\u00dfe 7<br \/>26954 Nordenham<\/p>\n<\/div>\n<\/li>\n<\/ul>\n<p><!--more--><br \/>\n<!-- {\"children\":[{\"name\":\"Contact\",\"type\":\"section\",\"props\":{\"style\":\"primary\",\"width\":\"xlarge\",\"vertical_align\":\"middle\",\"title_position\":\"top-left\",\"title_rotation\":\"left\",\"title_breakpoint\":\"xl\",\"image_position\":\"center-center\",\"padding\":\"xsmall\",\"padding_remove_bottom\":false,\"animation_delay\":false,\"image\":\"\",\"image_size\":\"cover\",\"media_overlay\":\"rgba(255, 255, 255, 0.95)\",\"height\":\"expand\",\"padding_remove_top\":false},\"children\":[{\"name\":\"\",\"type\":\"row\",\"children\":[{\"name\":\"\",\"type\":\"column\",\"props\":{\"image_position\":\"center-center\",\"width_medium\":\"1-1\",\"media_overlay_gradient\":\"\",\"position_sticky_breakpoint\":\"m\"},\"children\":[{\"name\":\"\",\"type\":\"headline\",\"props\":{\"title_element\":\"h1\",\"content\":\"\n\n<h1 style=\\\"text-align: center;\\\">Kontakt<\\\/h1>\",\"maxwidth\":\"xlarge\",\"title_style\":\"h2\",\"text_align\":\"center\",\"text_align_breakpoint\":\"s\",\"text_align_fallback\":\"center\",\"block_align\":\"center\",\"margin\":\"remove-vertical\"}},{\"type\":\"divider\",\"props\":{\"divider_element\":\"hr\",\"divider_style\":\"small\",\"divider_align\":\"center\"}},{\"name\":\"\",\"type\":\"grid\",\"props\":{\"show_title\":true,\"show_meta\":true,\"show_content\":true,\"show_image\":true,\"show_link\":true,\"grid_default\":\"1\",\"grid_medium\":\"3\",\"title_element\":\"h2\",\"meta_style\":\"meta\",\"meta_align\":\"below-title\",\"image_align\":\"top\",\"image_grid_width\":\"1-2\",\"link_text\":\"Read more\",\"link_style\":\"default\",\"margin\":\"large\",\"grid_small\":\"2\",\"text_align\":\"left\",\"text_align_breakpoint\":\"s\",\"text_align_fallback\":\"center\",\"title_style\":\"h3\",\"grid_column_gap\":\"large\",\"grid_row_gap\":\"large\",\"image_grid_breakpoint\":\"m\",\"icon_width\":80,\"filter_style\":\"tab\",\"filter_all\":true,\"filter_position\":\"top\",\"filter_align\":\"left\",\"filter_grid_width\":\"auto\",\"filter_grid_breakpoint\":\"m\",\"title_hover_style\":\"reset\",\"title_align\":\"top\",\"title_grid_width\":\"1-2\",\"title_grid_breakpoint\":\"m\",\"meta_element\":\"div\",\"content_column_breakpoint\":\"m\",\"image_svg_color\":\"emphasis\",\"item_animation\":true,\"grid_divider\":false,\"grid_column_align\":false,\"grid_row_align\":false},\"children\":[{\"name\":\"\",\"type\":\"grid_item\",\"props\":{\"content\":\"\n\n<p><span>Fr\\u00f6belstr. 1<\\\/span><br \\\/><span>26954 Nordenham<\\\/span><br \\\/><strong>+49 (0) 4731-2 11 69<br \\\/><br \\\/><\\\/strong><\\\/p>\",\"title\":\"Bens Bestattungen\",\"meta\":\"Hauptsitz und Postanschrift\",\"image\":\"\"}},{\"name\":\"\",\"type\":\"grid_item\",\"props\":{\"content\":\"\n\n<p>Fr\\u00f6belstr. 1<br \\\/>26954 Nordenham<\\\/p>\\n\n\n<p><\\\/p>\\n\n\n<p data-pm-slice=\\\"1 1 [&quot;bulletList&quot;,null,&quot;listItem&quot;,null]\\\">Sarver Stra\\u00dfe 51<br \\\/>26954 Nordenham<\\\/p>\",\"title\":\"Nordenham\",\"meta\":\"Besprechungs-, Ausstellungs- und Abschiedsr\\u00e4ume\"}},{\"name\":\"\",\"type\":\"grid_item\",\"props\":{\"content\":\"\n\n<p>St.\\u2013Laurentius-Stra\\u00dfe 7<br \\\/>26954 Nordenham<\\\/p>\",\"title\":\"Kleine Kapelle Bens\",\"meta\":\"Abschiedsr\\u00e4ume und Andachtshalle\"}}]}]}]}]},{\"name\":\"Map\",\"type\":\"section\",\"props\":{\"style\":\"default\",\"width\":\"\",\"vertical_align\":\"middle\",\"title_position\":\"top-left\",\"title_rotation\":\"left\",\"title_breakpoint\":\"xl\",\"image_position\":\"center-center\",\"padding_remove_top\":true,\"padding_remove_bottom\":true,\"padding\":\"large\"},\"children\":[{\"name\":\"\",\"type\":\"row\",\"props\":{\"margin\":\"small\",\"vertical_align\":true,\"column_gap\":\"large\",\"row_gap\":\"large\"},\"children\":[{\"name\":\"\",\"type\":\"column\",\"props\":{\"image_position\":\"center-center\",\"width_medium\":\"1-1\",\"media_overlay_gradient\":\"\",\"vertical_align\":\"middle\",\"position_sticky_breakpoint\":\"m\"},\"children\":[{\"name\":\"\",\"type\":\"map\",\"props\":{\"show_title\":true,\"type\":\"roadmap\",\"zoom\":10,\"controls\":false,\"zooming\":false,\"dragging\":true,\"styler_hue\":null,\"height\":\"620\",\"styler_lightness\":39,\"styler_invert_lightness\":false,\"styler_saturation\":-100,\"styler_gamma\":2,\"show_meta\":true,\"show_content\":true,\"show_image\":true,\"show_link\":true,\"min_zoom\":0,\"max_zoom\":18,\"title_hover_style\":\"reset\",\"title_element\":\"h3\",\"meta_style\":\"meta\",\"meta_align\":\"below-title\",\"meta_element\":\"div\",\"image_svg_color\":\"emphasis\",\"link_text\":\"Read more\",\"link_style\":\"default\",\"margin\":\"default\"},\"children\":[{\"name\":\"\",\"type\":\"map_item\",\"props\":{\"location\":\"53.4979,8.4464\",\"show_popup\":false,\"title\":\"Bens Bestattungen Hauptsitz\",\"content\":\"\n\n<p>Sarver Stra\\u00dfe 48<br \\\/>26954 Nordenham<\\\/p>\"}},{\"name\":\"\",\"type\":\"map_item\",\"props\":{\"location\":\"53.4994,8.47677\",\"show_popup\":false,\"title\":\"Bens Bestattungen Abschiedsraum in Nordenham\",\"content\":\"\n\n<p>Fr\\u00f6belstr. 1<br \\\/>26954 Nordenham<\\\/p>\"}},{\"name\":\"\",\"type\":\"map_item\",\"props\":{\"location\":\"53.4021,8.45282\",\"show_popup\":false,\"title\":\"Bens Bestattungen Abschiedsraum in Rodenkirchen\",\"content\":\"\n\n<p>Stadlander Platz 4a<br \\\/>26935 Stadland-Rodenkirchen<\\\/p>\"}},{\"name\":\"\",\"type\":\"map_item\",\"props\":{\"location\":\"53.3421,8.4213\",\"show_popup\":false,\"title\":\"Bens Bestattungen Abschiedsraum in Ovelg\\u00f6nne\",\"content\":\"\n\n<p>Breite Stra\\u00dfe 21<br \\\/>26939 Ovelg\\u00f6nne<\\\/p>\"}},{\"name\":\"\",\"type\":\"map_item\",\"props\":{\"location\":\"53.4845,8.4363\",\"show_popup\":false,\"title\":\"Kleine Kapelle Bens\",\"content\":\"\n\n<p>St.\\u2013Laurentius-Stra\\u00dfe 7<br \\\/>26954 Nordenham<\\\/p>\"}}]}]}]}]}],\"version\":\"2.7.22\",\"type\":\"layout\"} --><\/p>\n","protected":false},"excerpt":{"rendered":"<p>Kontakt Bens Bestattungen Hauptsitz und Postanschrift Fr\u00f6belstr. 126954 Nordenham+49 (0) 4731-2 11 69 Nordenham Besprechungs-, Ausstellungs- und Abschiedsr\u00e4ume Fr\u00f6belstr. 126954 Nordenham Sarver Stra\u00dfe 5126954 Nordenham Kleine Kapelle Bens Abschiedsr\u00e4ume und Andachtshalle St.\u2013Laurentius-Stra\u00dfe 726954 Nordenham 53.4979,8.4464 Bens Bestattungen Hauptsitz Sarver Stra\u00dfe 4826954 Nordenham 53.4994,8.47677 Bens Bestattungen Abschiedsraum in Nordenham Fr\u00f6belstr. 126954 Nordenham 53.4021,8.45282 Bens Bestattungen Abschiedsraum [&hellip;]<\/p>\n","protected":false},"author":1,"featured_media":0,"parent":0,"menu_order":0,"comment_status":"closed","ping_status":"closed","template":"","meta":[],"_links":{"self":[{"href":"https:\/\/bens-bestattungen.de\/index.php\/wp-json\/wp\/v2\/pages\/435"}],"collection":[{"href":"https:\/\/bens-bestattungen.de\/index.php\/wp-json\/wp\/v2\/pages"}],"about":[{"href":"https:\/\/bens-bestattungen.de\/index.php\/wp-json\/wp\/v2\/types\/page"}],"author":[{"embeddable":true,"href":"https:\/\/bens-bestattungen.de\/index.php\/wp-json\/wp\/v2\/users\/1"}],"replies":[{"embeddable":true,"href":"https:\/\/bens-bestattungen.de\/index.php\/wp-json\/wp\/v2\/comments?post=435"}],"version-history":[{"count":52,"href":"https:\/\/bens-bestattungen.de\/index.php\/wp-json\/wp\/v2\/pages\/435\/revisions"}],"predecessor-version":[{"id":1210,"href":"https:\/\/bens-bestattungen.de\/index.php\/wp-json\/wp\/v2\/pages\/435\/revisions\/1210"}],"wp:attachment":[{"href":"https:\/\/bens-bestattungen.de\/index.php\/wp-json\/wp\/v2\/media?parent=435"}],"curies":[{"name":"wp","href":"https:\/\/api.w.org\/{rel}","templated":true}]}}