{"id":1175,"date":"2022-06-10T09:42:52","date_gmt":"2022-06-10T09:42:52","guid":{"rendered":"http:\/\/bens-bestattungen.de\/?page_id=1175"},"modified":"2025-06-25T09:22:50","modified_gmt":"2025-06-25T09:22:50","slug":"impressum","status":"publish","type":"page","link":"https:\/\/bens-bestattungen.de\/index.php\/impressum\/","title":{"rendered":"Impressum"},"content":{"rendered":"\n<p><strong>Bens&nbsp;Bestattungen<\/strong><\/p>\n\n\n\n<p>Inh. Marvin&nbsp;Bens<\/p>\n\n\n\n<p>Fr\u00f6belstra\u00dfe 1<br>26954 Nordenham<\/p>\n\n\n\n<p>Telefon: +49 (0) 4731 &#8211; 211 69<br>Telefax: +49 (0) 4731 &#8211; 231 24<\/p>\n\n\n\n<p>E-Mailadresse:&nbsp;<a href=\"mailto:info@bens-bestattungen.de\"><u>info@bens-bestattungen.de<\/u><\/a><\/p>\n\n\n\n<p>Steuernummer: <strong>63\/103\/00990<\/strong><\/p>\n\n\n\n<p>Gesetzliche Berufsbezeichnung: Bestatter<\/p>\n\n\n\n<p>Berufsrechtliche Regelungen: Verordnung \u00fcber die Berufsausbildung zur Bestattungsfachkraft (online abrufbar&nbsp;<a href=\"https:\/\/www.gesetze-im-internet.de\/bestausbv\/index.html\">hier<\/a>)<\/p>\n\n\n\n<p>Kammer-Mitgliedschaft: Handwerkskammer Oldenburg<\/p>\n\n\n\n<p>Verantwortlich f\u00fcr die Inhalte nach \u00a7 55 RStV: Marvin Bens<\/p>\n\n\n\n<h2>Haftung f\u00fcr Inhalte<\/h2>\n\n\n\n<p>Gem\u00e4\u00df \u00a77 Abs.1 TMG sind wir als Diensteanbieter auf diesen Seiten f\u00fcr eigene Inhalte nach allgemeinen Gesetzen verantwortlich. Wir sind jedoch nicht dazu verpflichtet, nach Begebenheiten zu suchen, die auf eine rechtswidrige T\u00e4tigkeit hinweisen oder gespeicherte bzw. \u00fcbertragene Informationen Fremder zu \u00fcberwachen.<\/p>\n\n\n\n<p>Hiervon unber\u00fchrt bleiben Obligationen zur Entfernung oder Sperrung der Nutzung von Informationen nach allgemeinen Gesetzen. Bei einer konkreten Rechtsverletzung ist eine Haftung erst ab dem Zeitpunkt der Kenntnis m\u00f6glich. Inhalte, die diese Rechte verletzen, werden bei Bekanntwerden unmittelbar gel\u00f6scht.<\/p>\n\n\n\n<h2>Haftung f\u00fcr Links<\/h2>\n\n\n\n<p>Wir haben keinen Einfluss auf den Inhalt externer Webseiten, auf die wir verlinken, und wir \u00fcbernehmen keinerlei Gew\u00e4hr f\u00fcr diese fremden Inhalte. Der jeweilige Anbieter oder Betreiber der Seiten ist f\u00fcr die Inhalte alleine verantwortlich. Zum Zeitpunkt der Verlinkung waren keinerlei Rechtsverst\u00f6\u00dfe auf den verlinkten Seiten erkennbar. Jedoch ist eine dauerhafte inhaltliche \u00dcberpr\u00fcfung der verlinkten Seiten ohne Verdacht einer Rechtsverletzung nicht zumutbar. Sollten Rechtsverst\u00f6\u00dfe auf verlinkten Seiten bekannt werden, so werden diese Links unmittelbar entfernt.<\/p>\n\n\n\n<h2>Urheberrecht<\/h2>\n\n\n\n<p>Die Inhalte auf diesen Seiten unterliegen dem deutschen Urheberrecht und wurden durch die Seitenbetreiber erstellt. Au\u00dferhalb der Grenzen des deutschen Urheberrechts d\u00fcrfen diese Inhalte nur nach ausdr\u00fccklicher schriftlicher Zustimmung des jeweiligen Erstellers der Seiten verbreitet, bearbeitet, vervielf\u00e4ltigt oder verwertet werden. Wenn Downloads oder Kopien dieser Seiten erstellt werden, so d\u00fcrfen diese nur f\u00fcr die nicht kommerzielle, private Nutzung verwendet werden.<\/p>\n\n\n\n<p>Die Urheberrechte Dritter m\u00fcssen beachtet werden, falls Inhalte dieser Seiten nicht vom Webseitenbetreiber erstellt wurden. Solche Inhalte Dritter sind besonders gekennzeichnet. Falls Ihnen gleichwohl eine Urheberrechtsverletzung auffallen sollte, benachrichtigen Sie uns bitte. Rechtsverletzende Inhalte werden wir sofort nach Bekanntwerden l\u00f6schen.<\/p>\n\n\n\n<p>Link zur Plattform der EU-Kommission f\u00fcr Online-Streitbeilegung (\u201eOS-Plattform\u201c):<a href=\"http:\/\/ec.europa.eu\/consumers\/odr\/\" target=\"_blank\" rel=\"noreferrer noopener\">&nbsp;ec.europa.eu\/consumers\/odr\/<\/a><\/p>\n\n\n\n<p>Wir sind nicht verpflichtet und nicht bereit zur Teilnahme an einem Streitbeilegungsverfahren vor einer Verbraucherschlichtungsstelle.<\/p>\n\n\n\n<p>Design und Umsetzung: <a href=\"https:\/\/jp-labs.de\">J&amp;P Media Labs GmbH<\/a><\/p>\n","protected":false},"excerpt":{"rendered":"<p>Bens&nbsp;Bestattungen Inh. Marvin&nbsp;Bens Fr\u00f6belstra\u00dfe 126954 Nordenham Telefon: +49 (0) 4731 &#8211; 211 69Telefax: +49 (0) 4731 &#8211; 231 24 E-Mailadresse:&nbsp;info@bens-bestattungen.de Steuernummer: 63\/103\/00990 Gesetzliche Berufsbezeichnung: Bestatter Berufsrechtliche Regelungen: Verordnung \u00fcber die Berufsausbildung zur Bestattungsfachkraft (online abrufbar&nbsp;hier) Kammer-Mitgliedschaft: Handwerkskammer Oldenburg Verantwortlich f\u00fcr die Inhalte nach \u00a7 55 RStV: Marvin Bens Haftung f\u00fcr Inhalte Gem\u00e4\u00df \u00a77 Abs.1 TMG [&hellip;]<\/p>\n","protected":false},"author":1,"featured_media":0,"parent":0,"menu_order":0,"comment_status":"closed","ping_status":"closed","template":"","meta":[],"_links":{"self":[{"href":"https:\/\/bens-bestattungen.de\/index.php\/wp-json\/wp\/v2\/pages\/1175"}],"collection":[{"href":"https:\/\/bens-bestattungen.de\/index.php\/wp-json\/wp\/v2\/pages"}],"about":[{"href":"https:\/\/bens-bestattungen.de\/index.php\/wp-json\/wp\/v2\/types\/page"}],"author":[{"embeddable":true,"href":"https:\/\/bens-bestattungen.de\/index.php\/wp-json\/wp\/v2\/users\/1"}],"replies":[{"embeddable":true,"href":"https:\/\/bens-bestattungen.de\/index.php\/wp-json\/wp\/v2\/comments?post=1175"}],"version-history":[{"count":5,"href":"https:\/\/bens-bestattungen.de\/index.php\/wp-json\/wp\/v2\/pages\/1175\/revisions"}],"predecessor-version":[{"id":1231,"href":"https:\/\/bens-bestattungen.de\/index.php\/wp-json\/wp\/v2\/pages\/1175\/revisions\/1231"}],"wp:attachment":[{"href":"https:\/\/bens-bestattungen.de\/index.php\/wp-json\/wp\/v2\/media?parent=1175"}],"curies":[{"name":"wp","href":"https:\/\/api.w.org\/{rel}","templated":true}]}}