{"id":1050,"date":"2021-06-25T10:14:20","date_gmt":"2021-06-25T10:14:20","guid":{"rendered":"http:\/\/bens-bestattungen.de\/?page_id=1050"},"modified":"2022-01-07T09:12:06","modified_gmt":"2022-01-07T09:12:06","slug":"formalitaeten-portal","status":"publish","type":"page","link":"https:\/\/bens-bestattungen.de\/index.php\/formalitaeten-portal\/","title":{"rendered":"Formalit\u00e4ten-Portal"},"content":{"rendered":"<h2>Formalit\u00e4ten-Portal<\/h2>\n<hr>\n<div>\n<p><strong>Im Trauerfall gibt es eine Reihe von Formalit\u00e4ten zu erledigen, bei denen wir Ihnen gerne behilflich sind.<\/strong> Unser Haus verf\u00fcgt dazu \u00fcber einen ausgezeichneten Formalit\u00e4tenservice mit besonderem Erbenschutz. Wir \u00fcbernehmen f\u00fcr Sie beispielsweise s\u00e4mtliche Abmeldungen bei allen Beh\u00f6rden, Vereinen, Organisationen und Unternehmen. Unser Service steht Ihnen \u00fcber einen Zeitraum von min. 12 Monaten zur Verf\u00fcgung. Bei Bedarf k\u00f6nnen Sie online und bequem von zu Hause auch selbst\u00e4ndig notwendige Formalit\u00e4ten vornehmen.<\/p>\n<\/div>\n<ul>\n<li>\n<h4>FORMALIT\u00c4TEN-PORTAL<\/h4>\n<div>\n<p>Unser gesch\u00fctztes Formalit\u00e4ten-Portal, f\u00fcr welches Sie von uns pers\u00f6nliche Zugangsdaten erhalten, erfasst alle f\u00fcr Sie durchgef\u00fchrten Abmeldungen und erm\u00f6glicht jederzeit auch selbst\u00e4ndig die Durchf\u00fchrung zus\u00e4tzlicher Abmeldungen.<\/p>\n<p>Ist die Regelung des digitalen Nachlasses gew\u00fcnscht, werden hier alle Ergebnisse der automatischen Recherche von Verstorbenen-Accounts und -vertr\u00e4gen st\u00e4ndig aktualisiert angezeigt.<\/p>\n<p>Individuelle Recherchen bei beliebigen Webanbietern k\u00f6nnen einfach erg\u00e4nzt werden.<\/p>\n<\/div>\n<\/li>\n<li>\n<h4>ABMELDUNGEN<\/h4>\n<div>\n<p>Im Trauerfall entstehen einige notwendige und leider auch h\u00e4ufig b\u00fcrokratisch m\u00fchsame Aufw\u00e4nde, die wir Ihnen gerne abnehmen.<\/p>\n<p>Dazu geh\u00f6ren typischerweise die Abmeldungen bei der Rentenversicherung und Sozial\u00e4mtern, bei Krankenkassen und Versicherungen oder die Abmeldungen des Rundfunkbeitrages (GEZ) und anderer haushaltsbezogener Dienstleister wie z.B. Telekommunikations- und Stromanbieter. Wir erledigen das f\u00fcr Sie umgehend, zuverl\u00e4ssig und mit Abmeldegarantie bei jedem beliebigen Empf\u00e4nger.<\/p>\n<\/div>\n<\/li>\n<li>\n<h4>Digitaler Nachlass<\/h4>\n<div>\n<p>Zus\u00e4tzlich bieten wir Ihnen die M\u00f6glichkeit auch den digitalen Nachlass des Verstorbenen regeln zu lassen. Diese vielfach ausgezeichnete Zusatzleistung ist sinnvoll, wenn Sie keine Kenntnis und\/oder keinen Zugriff auf die digitalen Hinterlassenschaften des Verstorbenen haben, jedoch eine regelm\u00e4\u00dfige Internetnutzung zu Lebzeiten bestand bzw. nicht auszuschlie\u00dfen ist.<\/p>\n<p>Sie ben\u00f6tigen zur Aktivierung des Online-Schutzpaketes keine Zugangsdaten oder Passw\u00f6rter des Verstorbenen.<\/p>\n<\/div>\n<p><a href=\"\/index.php\/digitaler-nachlass\/\">Mehr erfahren<\/a><\/p>\n<\/li>\n<li>\n<h4>Soziale Netzwerke<\/h4>\n<div>\n<div class=\"ce_text first block\">\n<p>Im Internet ver\u00f6ffentlichte Profile des Verstorbenen bei Sozialen Netzwerken wie z.B. Facebook, Xing, LinkedIn, Twitter, Instagram u.a. k\u00f6nnen auf Ihren Wunsch deaktiviert oder gel\u00f6scht werden. Je nach Anbieter ist auch die Aktivierung eines sog. Gedenkzustandes m\u00f6glich.<\/p>\n<p>Columba &#8211; der digitale Nachlassdienst: Um Ihnen den bestm\u00f6glichen und sichersten Service anbieten zu k\u00f6nnen, arbeiten wir mit dem exklusiven Kooperationspartner der Bestatterverb\u00e4nde und -innungen f\u00fcr digitale Nachlassdienste zusammen. Der u.a. von der Bundesregierung und dem BDI ausgezeichnete Dienstleister Columba gew\u00e4hrt eine rechtssichere und datenschutzkonforme technische Abwicklung.<\/p>\n<\/div>\n<\/div>\n<\/li>\n<\/ul>\n<p><!-- {\"name\":\"digitaler_nachlass\",\"type\":\"layout\",\"children\":[{\"name\":\"Project 02\",\"type\":\"section\",\"props\":{\"style\":\"default\",\"width\":\"xlarge\",\"text_color\":\"dark\",\"padding\":\"large\",\"animation\":\"slide-left-medium\",\"image_position\":\"center-left\",\"vertical_align\":\"middle\",\"title_position\":\"top-left\",\"title_rotation\":\"left\",\"title_breakpoint\":\"xl\",\"image\":\"wp-content\\\/uploads\\\/photo-1604881991720-f91add269bed-scaled.jpg\",\"padding_remove_bottom\":false,\"width_expand\":\"right\",\"image_width\":\"700\",\"image_effect\":\"parallax\",\"image_parallax_bgy_start\":\"-50\",\"image_visibility\":\"l\"},\"children\":[{\"name\":\"\",\"type\":\"row\",\"props\":{\"layout\":\"2-5,3-5\",\"vertical_align\":true,\"margin\":\"xlarge\"},\"children\":[{\"name\":\"\",\"type\":\"column\",\"props\":{\"image_position\":\"center-center\",\"media_overlay_gradient\":\"\",\"width_medium\":\"2-5\"},\"children\":[]},{\"name\":\"\",\"type\":\"column\",\"props\":{\"image_position\":\"center-right\",\"vertical_align\":\"middle\",\"media_overlay_gradient\":\"\",\"width_medium\":\"3-5\",\"image\":\"\",\"image_width\":\"1000\"},\"children\":[{\"name\":\"\",\"type\":\"headline\",\"props\":{\"title_element\":\"h2\",\"content\":\"Formalit\\u00e4ten-Portal\",\"margin_remove_top\":false,\"title_style\":\"heading-small\"}},{\"type\":\"divider\",\"props\":{\"divider_element\":\"hr\",\"divider_style\":\"small\",\"maxwidth\":\"medium\"}},{\"name\":\"\",\"type\":\"text\",\"props\":{\"column_breakpoint\":\"m\",\"margin\":\"medium\",\"content\":\"\n\n<p><strong>Im Trauerfall gibt es eine Reihe von Formalit\\u00e4ten zu erledigen, bei denen wir Ihnen gerne behilflich sind.<\\\/strong> Unser Haus verf\\u00fcgt dazu \\u00fcber einen ausgezeichneten Formalit\\u00e4tenservice mit besonderem Erbenschutz. Wir \\u00fcbernehmen f\\u00fcr Sie beispielsweise s\\u00e4mtliche Abmeldungen bei allen Beh\\u00f6rden, Vereinen, Organisationen und Unternehmen. Unser Service steht Ihnen \\u00fcber einen Zeitraum von min. 12 Monaten zur Verf\\u00fcgung. Bei Bedarf k\\u00f6nnen Sie online und bequem von zu Hause auch selbst\\u00e4ndig notwendige Formalit\\u00e4ten vornehmen.<\\\/p>\",\"margin_remove_top\":true,\"maxwidth\":\"2xlarge\"}},{\"type\":\"newsletter\",\"props\":{\"layout\":\"grid\",\"show_name\":true,\"label_first_name\":\"First name\",\"label_last_name\":\"Last name\",\"label_email\":\"Email address\",\"label_button\":\"Anmelden\",\"provider\":{\"name\":\"mailchimp\",\"after_submit\":\"message\",\"message\":\"You've been subscribed successfully.\",\"redirect\":\"\"},\"mailchimp\":{\"client_id\":\"\",\"list_id\":\"\",\"double_optin\":true},\"cmonitor\":{\"client_id\":\"\",\"list_id\":\"\"},\"button_mode\":\"button\",\"button_style\":\"default\",\"button_icon\":\"mail\"}}]}]}]},{\"name\":\"Services\",\"type\":\"section\",\"props\":{\"style\":\"muted\",\"width\":\"xlarge\",\"image_size\":\"cover\",\"padding\":\"large\",\"animation\":\"fade\",\"animation_delay\":true,\"image_position\":\"center-center\",\"vertical_align\":\"middle\",\"title_position\":\"top-left\",\"title_rotation\":\"left\",\"title_breakpoint\":\"xl\",\"image\":\"wp-content\\\/uploads\\\/2020\\\/12\\\/ammonit.svg\",\"media_blend_mode\":\"multiply\",\"media_overlay\":\"rgba(65, 91, 107, 0.96)\",\"text_color\":\"light\"},\"children\":[{\"name\":\"\",\"type\":\"row\",\"children\":[{\"name\":\"\",\"type\":\"column\",\"props\":{\"image_position\":\"center-center\",\"media_overlay_gradient\":\"\",\"width_medium\":\"\"},\"children\":[{\"type\":\"grid\",\"props\":{\"show_title\":true,\"show_meta\":true,\"show_content\":true,\"show_image\":true,\"show_link\":true,\"grid_default\":\"1\",\"grid_medium\":\"4\",\"filter_style\":\"tab\",\"filter_all\":true,\"filter_position\":\"top\",\"filter_align\":\"left\",\"filter_grid_width\":\"auto\",\"filter_grid_breakpoint\":\"m\",\"title_hover_style\":\"reset\",\"title_element\":\"h4\",\"title_align\":\"top\",\"title_grid_width\":\"1-2\",\"title_grid_breakpoint\":\"m\",\"meta_style\":\"meta\",\"meta_align\":\"below-title\",\"meta_element\":\"div\",\"content_column_breakpoint\":\"m\",\"icon_width\":80,\"image_align\":\"top\",\"image_grid_width\":\"1-2\",\"image_grid_breakpoint\":\"m\",\"image_svg_color\":\"emphasis\",\"link_text\":\"Mehr erfahren\",\"link_style\":\"default\",\"margin\":\"large\",\"item_animation\":\"\"},\"children\":[{\"type\":\"grid_item\",\"props\":{\"title\":\"FORMALIT\\u00c4TEN-PORTAL\",\"content\":\"\n\n<p>Unser gesch\\u00fctztes Formalit\\u00e4ten-Portal, f\\u00fcr welches Sie von uns pers\\u00f6nliche Zugangsdaten erhalten, erfasst alle f\\u00fcr Sie durchgef\\u00fchrten Abmeldungen und erm\\u00f6glicht jederzeit auch selbst\\u00e4ndig die Durchf\\u00fchrung zus\\u00e4tzlicher Abmeldungen.<\\\/p>\\n\n\n<p>Ist die Regelung des digitalen Nachlasses gew\\u00fcnscht, werden hier alle Ergebnisse der automatischen Recherche von Verstorbenen-Accounts und -vertr\\u00e4gen st\\u00e4ndig aktualisiert angezeigt.<\\\/p>\\n\n\n<p>Individuelle Recherchen bei beliebigen Webanbietern k\\u00f6nnen einfach erg\\u00e4nzt werden.<\\\/p>\",\"link\":\"\"}},{\"type\":\"grid_item\",\"props\":{\"title\":\"ABMELDUNGEN\",\"content\":\"\n\n<p>Im Trauerfall entstehen einige notwendige und leider auch h\\u00e4ufig b\\u00fcrokratisch m\\u00fchsame Aufw\\u00e4nde, die wir Ihnen gerne abnehmen.<\\\/p>\\n\n\n<p>Dazu geh\\u00f6ren typischerweise die Abmeldungen bei der Rentenversicherung und Sozial\\u00e4mtern, bei Krankenkassen und Versicherungen oder die Abmeldungen des Rundfunkbeitrages (GEZ) und anderer haushaltsbezogener Dienstleister wie z.B. Telekommunikations- und Stromanbieter. Wir erledigen das f\\u00fcr Sie umgehend, zuverl\\u00e4ssig und mit Abmeldegarantie bei jedem beliebigen Empf\\u00e4nger.<\\\/p>\",\"link\":\"\"}},{\"type\":\"grid_item\",\"props\":{\"title\":\"Digitaler Nachlass\",\"content\":\"\n\n<p>Zus\\u00e4tzlich bieten wir Ihnen die M\\u00f6glichkeit auch den digitalen Nachlass des Verstorbenen regeln zu lassen. Diese vielfach ausgezeichnete Zusatzleistung ist sinnvoll, wenn Sie keine Kenntnis und\\\/oder keinen Zugriff auf die digitalen Hinterlassenschaften des Verstorbenen haben, jedoch eine regelm\\u00e4\\u00dfige Internetnutzung zu Lebzeiten bestand bzw. nicht auszuschlie\\u00dfen ist.<\\\/p>\\n\n\n<p>Sie ben\\u00f6tigen zur Aktivierung des Online-Schutzpaketes keine Zugangsdaten oder Passw\\u00f6rter des Verstorbenen.<\\\/p>\",\"link\":\"index.php\\\/digitaler-nachlass\\\/\"}},{\"type\":\"grid_item\",\"props\":{\"title\":\"Soziale Netzwerke\",\"content\":\"\n\n<div class=\\\"ce_text first block\\\">\\n\n\n<p>Im Internet ver\\u00f6ffentlichte Profile des Verstorbenen bei Sozialen Netzwerken wie z.B. Facebook, Xing, LinkedIn, Twitter, Instagram u.a. k\\u00f6nnen auf Ihren Wunsch deaktiviert oder gel\\u00f6scht werden. Je nach Anbieter ist auch die Aktivierung eines sog. Gedenkzustandes m\\u00f6glich.<\\\/p>\\n\n\n<p>Columba - der digitale Nachlassdienst: Um Ihnen den bestm\\u00f6glichen und sichersten Service anbieten zu k\\u00f6nnen, arbeiten wir mit dem exklusiven Kooperationspartner der Bestatterverb\\u00e4nde und -innungen f\\u00fcr digitale Nachlassdienste zusammen. Der u.a. von der Bundesregierung und dem BDI ausgezeichnete Dienstleister Columba gew\\u00e4hrt eine rechtssichere und datenschutzkonforme technische Abwicklung.<\\\/p>\\n<\\\/div>\"}}]}]}]}]}],\"version\":\"2.3.19\"} --><\/p>\n","protected":false},"excerpt":{"rendered":"<p>Formalit\u00e4ten-Portal Im Trauerfall gibt es eine Reihe von Formalit\u00e4ten zu erledigen, bei denen wir Ihnen gerne behilflich sind. Unser Haus verf\u00fcgt dazu \u00fcber einen ausgezeichneten Formalit\u00e4tenservice mit besonderem Erbenschutz. Wir \u00fcbernehmen f\u00fcr Sie beispielsweise s\u00e4mtliche Abmeldungen bei allen Beh\u00f6rden, Vereinen, Organisationen und Unternehmen. Unser Service steht Ihnen \u00fcber einen Zeitraum von min. 12 Monaten zur [&hellip;]<\/p>\n","protected":false},"author":1,"featured_media":0,"parent":0,"menu_order":0,"comment_status":"closed","ping_status":"closed","template":"","meta":[],"_links":{"self":[{"href":"https:\/\/bens-bestattungen.de\/index.php\/wp-json\/wp\/v2\/pages\/1050"}],"collection":[{"href":"https:\/\/bens-bestattungen.de\/index.php\/wp-json\/wp\/v2\/pages"}],"about":[{"href":"https:\/\/bens-bestattungen.de\/index.php\/wp-json\/wp\/v2\/types\/page"}],"author":[{"embeddable":true,"href":"https:\/\/bens-bestattungen.de\/index.php\/wp-json\/wp\/v2\/users\/1"}],"replies":[{"embeddable":true,"href":"https:\/\/bens-bestattungen.de\/index.php\/wp-json\/wp\/v2\/comments?post=1050"}],"version-history":[{"count":27,"href":"https:\/\/bens-bestattungen.de\/index.php\/wp-json\/wp\/v2\/pages\/1050\/revisions"}],"predecessor-version":[{"id":1150,"href":"https:\/\/bens-bestattungen.de\/index.php\/wp-json\/wp\/v2\/pages\/1050\/revisions\/1150"}],"wp:attachment":[{"href":"https:\/\/bens-bestattungen.de\/index.php\/wp-json\/wp\/v2\/media?parent=1050"}],"curies":[{"name":"wp","href":"https:\/\/api.w.org\/{rel}","templated":true}]}}