{"id":1007,"date":"2021-06-25T09:32:16","date_gmt":"2021-06-25T09:32:16","guid":{"rendered":"http:\/\/bens-bestattungen.de\/?page_id=1007"},"modified":"2021-06-25T10:37:28","modified_gmt":"2021-06-25T10:37:28","slug":"digitaler-nachlass","status":"publish","type":"page","link":"https:\/\/bens-bestattungen.de\/index.php\/digitaler-nachlass\/","title":{"rendered":"Digitaler Nachlass"},"content":{"rendered":"<h2>Der digitale Nachlass<\/h2>\n<hr>\n<div>\n<p>Bereits \u00fcber 80% der Deutschen nutzen beruflich oder privat das Internet. <strong>Was viele nicht wissen: Im Internet geschlossene Vertr\u00e4ge und Verbindlichkeiten bleiben \u00fcber den Tod hinaus bestehen.<\/strong> Im Trauerfall kann der digitale Nachlass f\u00fcr Angeh\u00f6rige mit erheblichen Kosten verbunden sein. Denn die meisten Nutzer informieren weder engste Vertraute \u00fcber ihre gesamten Aktivit\u00e4ten im Internet noch hinterlegen sie alle Passw\u00f6rter oder Vertragsdaten. Auch Verm\u00f6genswerte und Guthaben des Verstorbenen bleiben so unbekannt und k\u00f6nnen nicht ausbezahlt werden. <strong>Mit dem Online Schutzpaket lassen Sie den digitalen Nachlass nach Ihren W\u00fcnschen regeln und erledigen dabei sicher und einfach alle Formalit\u00e4ten mit einem Auftrag.<\/strong><\/p>\n<\/div>\n<div>\n<p><strong>Die digitalen Hinterlassenschaften eines Verstorbenen sind f\u00fcr Angeh\u00f6rige meist nur selten zug\u00e4nglich und damit im Sterbefall nicht kontrollierbar.<\/strong> Mit dem Online-Schutzpaket k\u00f6nnen Sie als Angeh\u00f6rige den digitalen Nachlass einfach ermitteln und entsprechend regeln lassen. Einfach, sicher und in allen wesentlichen Bereichen des Internets.<\/p>\n<p>Jeder, der das Internet nutzte, hinterl\u00e4sst nach seinem Tod einen pers\u00f6nlichen digitalen Nachlass. Dieser ergibt sich aus der digitalen Identit\u00e4t, die alle gespeicherten Daten zur Person beinhaltet und dementsprechend sehr individuell ist. Dabei sind gerade extern hinterlassene Daten, also z. B. bei Internetunternehmen und -portalen, f\u00fcr Angeh\u00f6rige von Bedeutung:<\/p>\n<\/div>\n<ul>\n<li>\n<h3>Internetaktivit\u00e4t in Zahlen (D):<\/h3>\n<div>\n<ul>\n<li>Internetnutzer geamt: 69,8 Mio.<\/li>\n<li>Nutzeranteil unter den 50-59-J\u00e4hrigen: 80%<\/li>\n<li>Nutzeranteil unter den \u00fcber 60-J\u00e4hrigen: 40%<\/li>\n<li>Nutzeranteil, der Online-K\u00e4ufe t\u00e4tigt: 95%<\/li>\n<\/ul>\n<\/div>\n<\/li>\n<li>\n<h3>Um welche Daten handelt es sich?<\/h3>\n<div>\n<ul>\n<li>Pers\u00f6nliche Daten<\/li>\n<li>Nutzerkonten und -profile<\/li>\n<li>Mitgliedschaften, Vertr\u00e4ge und Abonnements<\/li>\n<li>Guthaben<\/li>\n<\/ul>\n<\/div>\n<\/li>\n<li>\n<h3>Darum k\u00fcmmern wir uns:<\/h3>\n<div>\n<ul>\n<li>Abmeldung im Internet: Automatische Ermittlung und Abmeldung von Nutzerkonten bei \u00fcber 150 f\u00fchrenden Online-Anbietern.<\/li>\n<li>\u00dcbernahme von Vertr\u00e4gen: Alle ermittelten Vertr\u00e4ge werden \u00fcbernommen, pers\u00f6nliche Daten werden abrufbar.<\/li>\n<li>K\u00fcndigung von Vertr\u00e4gen: Alle ermittelten Vertr\u00e4ge werden gek\u00fcndigt, laufende Kosten werden rechtzeitig gestoppt.<\/li>\n<li>Auszahlung von Guthaben: Alle vorhandenen Guthaben werden angefordert, Erbanspr\u00fcche werden geltend gemacht.<\/li>\n<li>Kontrolle aller Ergebnisse: Alle Rechercheergebnisse werden dokumentiert, Ergebnisberichte sind jederzeit online abrufbar.<\/li>\n<\/ul>\n<\/div>\n<\/li>\n<\/ul>\n<h2>Wen betrifft der digitale Nachlass?<\/h2>\n<hr>\n<div>\n<p>Wie jede andere Form des Nachlasses betrifft auch der digitale Nachlass vor allem die Angeh\u00f6rigen und Erben. Und zwar immer dann, wenn der Verstorbene zu Lebzeiten das Internet nutzte. Ungeregelt birgt der digitale Nachlass f\u00fcr jeden Angeh\u00f6rigen das Risiko einer Reihe von finanziellen Nachteilen und insbesondere in der Trauerzeit weitere vermeidbare Unannehmlichkeiten. Gleichzeitig gehen dann auch wertvolle Erinnerungen und Verm\u00f6genswerte verloren. K\u00f6nnen Angeh\u00f6rige den digitalen Nachlass selbstst\u00e4ndig regeln? Voraussetzungen f\u00fcr eine selbst\u00e4ndige Regelung durch die Angeh\u00f6rigen sind die Kenntnis der digitalen Identit\u00e4t und der Zugriff auf die Nutzerkonten des Verstorbenen. In der Regel liegt beides nicht oder nicht vollst\u00e4ndig vor.<\/p>\n<p>Die Internetnutzung hat sich zudem in wenigen Jahren so drastisch ver\u00e4ndert, dass eine sichere Regelung durch die Angeh\u00f6rigen selbst immer schwieriger bis unm\u00f6glich wird.gehen dann auch wertvolle Erinnerungen und Verm\u00f6genswerte verloren.<\/p>\n<p><strong>Erbenschutz im Internet<\/strong><\/p>\n<p>Angeh\u00f6rige sehen sich zunehmend mit Nachteilen konfrontiert, weil sie die digitalen Hinterlassenschaften des Verstorbenen nicht kennen oder keinen Zugriff darauf haben. So entstehen beispielsweise \u00fcberraschende Kosten, ohne dass entsprechende Leistungen genutzt werden k\u00f6nnen. Oder Anspr\u00fcche auf Guthaben werden wirkungslos, weil Guthaben unbekannt bleiben und Unternehmen nicht vom Ableben ihres ehemaligen Vertragspartners informiert werden. Diese wichtigen Beispiele veranschaulichen, dass sich die sog. Virtuelle Welt mit dem Tod eines Menschen schlagartig von der Realit\u00e4t abspaltet und beginnt ein unkontrollierbares Eigenleben zu f\u00fchren. Um die pers\u00f6nliche Kontrolle und Sicherheit zur\u00fcckzugewinnen, ermittelt, regelt und dokumentiert das Online-Schutzpaket den digitalen Nachlass. Damit werden die Angeh\u00f6rigen und Erben wirksam gesch\u00fctzt und in der Trauerzeit entlastet.<\/p>\n<\/div>\n<h2>Das Online-Schutzpaket \u2013 Vorteile und Funktionen:<\/h2>\n<hr>\n<div>\n<ul>\n<li>Automatische Abmeldung von Nutzerkonten des Verstorbenen<\/li>\n<li>Vertrags\u00fcbernahme oder -k\u00fcndigung w\u00e4hlbar<\/li>\n<li>Beendigung von fortlaufenden Kosten<\/li>\n<li>Sicherung von Guthaben<\/li>\n<li>Verringerung an den Verstorbenen adressierter Werbepost<\/li>\n<li>Dokumentation von \u00fcber 150 Rechercheergebnissen<\/li>\n<li>Keine Passw\u00f6rter oder Zugangsdaten erforderlich<\/li>\n<\/ul>\n<\/div>\n<p>\n    <a href=\"\/index.php\/kontakt\/\">Noch Fragen? Kontaktieren Sie uns.<\/a>\n<\/p>\n<p><!-- {\"name\":\"home\",\"type\":\"layout\",\"children\":[{\"name\":\"Project 02\",\"type\":\"section\",\"props\":{\"style\":\"default\",\"width\":\"xlarge\",\"text_color\":\"dark\",\"padding\":\"large\",\"animation\":\"slide-left-medium\",\"image_position\":\"center-right\",\"vertical_align\":\"middle\",\"title_position\":\"top-left\",\"title_rotation\":\"left\",\"title_breakpoint\":\"xl\",\"image\":\"wp-content\\\/uploads\\\/photo-1510674485131-dc88d96369b4-scaled.jpg\",\"padding_remove_bottom\":false,\"width_expand\":\"right\",\"image_width\":\"800\",\"image_effect\":\"parallax\",\"image_parallax_bgy_start\":\"-50\",\"image_visibility\":\"l\"},\"children\":[{\"name\":\"\",\"type\":\"row\",\"props\":{\"layout\":\"2-3,1-3\",\"vertical_align\":true,\"margin\":\"xlarge\"},\"children\":[{\"name\":\"\",\"type\":\"column\",\"props\":{\"image_position\":\"center-center\",\"media_overlay_gradient\":\"\",\"width_medium\":\"2-3\"},\"children\":[{\"name\":\"\",\"type\":\"headline\",\"props\":{\"title_element\":\"h2\",\"content\":\"Der digitale Nachlass\",\"margin_remove_top\":false,\"title_style\":\"heading-small\"}},{\"type\":\"divider\",\"props\":{\"divider_element\":\"hr\",\"divider_style\":\"small\",\"maxwidth\":\"medium\"}},{\"name\":\"\",\"type\":\"text\",\"props\":{\"column_breakpoint\":\"m\",\"margin\":\"medium\",\"content\":\"\n\n<p>Bereits \\u00fcber 80% der Deutschen nutzen beruflich oder privat das Internet. <strong>Was viele nicht wissen: Im Internet geschlossene Vertr\\u00e4ge und Verbindlichkeiten bleiben \\u00fcber den Tod hinaus bestehen.<\\\/strong> Im Trauerfall kann der digitale Nachlass f\\u00fcr Angeh\\u00f6rige mit erheblichen Kosten verbunden sein. Denn die meisten Nutzer informieren weder engste Vertraute \\u00fcber ihre gesamten Aktivit\\u00e4ten im Internet noch hinterlegen sie alle Passw\\u00f6rter oder Vertragsdaten. Auch Verm\\u00f6genswerte und Guthaben des Verstorbenen bleiben so unbekannt und k\\u00f6nnen nicht ausbezahlt werden. <strong>Mit dem Online Schutzpaket lassen Sie den digitalen Nachlass nach Ihren W\\u00fcnschen regeln und erledigen dabei sicher und einfach alle Formalit\\u00e4ten mit einem Auftrag.<\\\/strong><\\\/p>\",\"margin_remove_top\":true,\"maxwidth\":\"2xlarge\"}},{\"name\":\"\",\"type\":\"text\",\"props\":{\"column_breakpoint\":\"m\",\"margin\":\"medium\",\"content\":\"\n\n<p><strong>Die digitalen Hinterlassenschaften eines Verstorbenen sind f\\u00fcr Angeh\\u00f6rige meist nur selten zug\\u00e4nglich und damit im Sterbefall nicht kontrollierbar.<\\\/strong> Mit dem Online-Schutzpaket k\\u00f6nnen Sie als Angeh\\u00f6rige den digitalen Nachlass einfach ermitteln und entsprechend regeln lassen. Einfach, sicher und in allen wesentlichen Bereichen des Internets.<\\\/p>\\n\n\n<p>Jeder, der das Internet nutzte, hinterl\\u00e4sst nach seinem Tod einen pers\\u00f6nlichen digitalen Nachlass. Dieser ergibt sich aus der digitalen Identit\\u00e4t, die alle gespeicherten Daten zur Person beinhaltet und dementsprechend sehr individuell ist. Dabei sind gerade extern hinterlassene Daten, also z. B. bei Internetunternehmen und -portalen, f\\u00fcr Angeh\\u00f6rige von Bedeutung:<\\\/p>\",\"margin_remove_top\":true,\"maxwidth\":\"2xlarge\"}}]},{\"name\":\"\",\"type\":\"column\",\"props\":{\"image_position\":\"center-right\",\"vertical_align\":\"middle\",\"media_overlay_gradient\":\"\",\"width_medium\":\"1-3\",\"image\":\"\",\"image_width\":\"1000\"},\"children\":[]}]}]},{\"name\":\"Services\",\"type\":\"section\",\"props\":{\"style\":\"muted\",\"width\":\"xlarge\",\"image_size\":\"cover\",\"padding\":\"large\",\"animation\":\"fade\",\"animation_delay\":true,\"image_position\":\"center-center\",\"vertical_align\":\"middle\",\"title_position\":\"top-left\",\"title_rotation\":\"left\",\"title_breakpoint\":\"xl\",\"image\":\"wp-content\\\/uploads\\\/2020\\\/12\\\/ammonit.svg\",\"media_blend_mode\":\"multiply\",\"media_overlay\":\"rgba(65, 91, 107, 0.96)\",\"text_color\":\"light\"},\"children\":[{\"name\":\"\",\"type\":\"row\",\"children\":[{\"name\":\"\",\"type\":\"column\",\"props\":{\"image_position\":\"center-center\",\"media_overlay_gradient\":\"\",\"width_medium\":\"1-1\"},\"children\":[{\"type\":\"grid\",\"props\":{\"show_title\":true,\"show_meta\":true,\"show_content\":true,\"show_image\":true,\"show_link\":true,\"grid_default\":\"1\",\"grid_medium\":\"3\",\"filter_style\":\"tab\",\"filter_all\":true,\"filter_position\":\"top\",\"filter_align\":\"left\",\"filter_grid_width\":\"auto\",\"filter_grid_breakpoint\":\"m\",\"title_hover_style\":\"reset\",\"title_element\":\"h3\",\"title_align\":\"top\",\"title_grid_width\":\"1-2\",\"title_grid_breakpoint\":\"m\",\"meta_style\":\"meta\",\"meta_align\":\"below-title\",\"meta_element\":\"div\",\"content_column_breakpoint\":\"m\",\"icon_width\":80,\"image_align\":\"top\",\"image_grid_width\":\"1-2\",\"image_grid_breakpoint\":\"m\",\"image_svg_color\":\"emphasis\",\"link_text\":\"Read more\",\"link_style\":\"default\",\"margin\":\"default\",\"item_animation\":\"\",\"title_style\":\"h2\"},\"children\":[{\"type\":\"grid_item\",\"props\":{\"title\":\"Internetaktivit\\u00e4t in Zahlen (D):\",\"icon\":\"rss\",\"content\":\"\n\n<ul>\\n\n\n<li>Internetnutzer geamt: 69,8 Mio.<\\\/li>\\n\n\n<li>Nutzeranteil unter den 50-59-J\\u00e4hrigen: 80%<\\\/li>\\n\n\n<li>Nutzeranteil unter den \\u00fcber 60-J\\u00e4hrigen: 40%<\\\/li>\\n\n\n<li>Nutzeranteil, der Online-K\\u00e4ufe t\\u00e4tigt: 95%<\\\/li>\\n<\\\/ul>\"}},{\"type\":\"grid_item\",\"props\":{\"title\":\"Um welche Daten handelt es sich?\",\"icon\":\"user\",\"content\":\"\n\n<ul>\\n\n\n<li>Pers\\u00f6nliche Daten<\\\/li>\\n\n\n<li>Nutzerkonten und -profile<\\\/li>\\n\n\n<li>Mitgliedschaften, Vertr\\u00e4ge und Abonnements<\\\/li>\\n\n\n<li>Guthaben<\\\/li>\\n<\\\/ul>\"}},{\"type\":\"grid_item\",\"props\":{\"title\":\"Darum k\\u00fcmmern wir uns:\",\"icon\":\"check\",\"content\":\"\n\n<ul>\\n\n\n<li>Abmeldung im Internet: Automatische Ermittlung und Abmeldung von Nutzerkonten bei \\u00fcber 150 f\\u00fchrenden Online-Anbietern.<\\\/li>\\n\n\n<li>\\u00dcbernahme von Vertr\\u00e4gen: Alle ermittelten Vertr\\u00e4ge werden \\u00fcbernommen, pers\\u00f6nliche Daten werden abrufbar.<\\\/li>\\n\n\n<li>K\\u00fcndigung von Vertr\\u00e4gen: Alle ermittelten Vertr\\u00e4ge werden gek\\u00fcndigt, laufende Kosten werden rechtzeitig gestoppt.<\\\/li>\\n\n\n<li>Auszahlung von Guthaben: Alle vorhandenen Guthaben werden angefordert, Erbanspr\\u00fcche werden geltend gemacht.<\\\/li>\\n\n\n<li>Kontrolle aller Ergebnisse: Alle Rechercheergebnisse werden dokumentiert, Ergebnisberichte sind jederzeit online abrufbar.<\\\/li>\\n<\\\/ul>\"}}]}]}]}]},{\"name\":\"Project 02\",\"type\":\"section\",\"props\":{\"style\":\"default\",\"width\":\"\",\"text_color\":\"dark\",\"padding\":\"large\",\"animation\":\"slide-left-medium\",\"image_position\":\"bottom-right\",\"vertical_align\":\"middle\",\"title_position\":\"top-left\",\"title_rotation\":\"left\",\"title_breakpoint\":\"xl\",\"image\":\"wp-content\\\/uploads\\\/2021\\\/06\\\/IMG_8540.jpg\",\"padding_remove_bottom\":false,\"width_expand\":\"right\",\"image_width\":\"1000\",\"image_effect\":\"parallax\",\"image_parallax_bgy_start\":\"160\",\"image_visibility\":\"l\",\"animation_delay\":true,\"image_parallax_bgy_end\":\"80\",\"media_overlay\":\"rgba(255, 255, 255, 0.51)\"},\"children\":[{\"name\":\"\",\"type\":\"row\",\"props\":{\"layout\":\"1-2,1-2\",\"vertical_align\":true,\"margin\":\"xlarge\",\"width\":\"xlarge\"},\"children\":[{\"name\":\"\",\"type\":\"column\",\"props\":{\"image_position\":\"center-center\",\"media_overlay_gradient\":\"\",\"width_medium\":\"1-2\"},\"children\":[{\"name\":\"\",\"type\":\"headline\",\"props\":{\"title_element\":\"h2\",\"content\":\"Wen betrifft der digitale Nachlass?\",\"margin_remove_top\":false,\"title_style\":\"h2\"}},{\"type\":\"divider\",\"props\":{\"divider_element\":\"hr\",\"divider_style\":\"small\",\"maxwidth\":\"medium\"}},{\"name\":\"\",\"type\":\"text\",\"props\":{\"column_breakpoint\":\"m\",\"margin\":\"medium\",\"content\":\"\n\n<p>Wie jede andere Form des Nachlasses betrifft auch der digitale Nachlass vor allem die Angeh\\u00f6rigen und Erben. Und zwar immer dann, wenn der Verstorbene zu Lebzeiten das Internet nutzte. Ungeregelt birgt der digitale Nachlass f\\u00fcr jeden Angeh\\u00f6rigen das Risiko einer Reihe von finanziellen Nachteilen und insbesondere in der Trauerzeit weitere vermeidbare Unannehmlichkeiten. Gleichzeitig gehen dann auch wertvolle Erinnerungen und Verm\\u00f6genswerte verloren. K\\u00f6nnen Angeh\\u00f6rige den digitalen Nachlass selbstst\\u00e4ndig regeln? Voraussetzungen f\\u00fcr eine selbst\\u00e4ndige Regelung durch die Angeh\\u00f6rigen sind die Kenntnis der digitalen Identit\\u00e4t und der Zugriff auf die Nutzerkonten des Verstorbenen. In der Regel liegt beides nicht oder nicht vollst\\u00e4ndig vor.<\\\/p>\\n\n\n<p>Die Internetnutzung hat sich zudem in wenigen Jahren so drastisch ver\\u00e4ndert, dass eine sichere Regelung durch die Angeh\\u00f6rigen selbst immer schwieriger bis unm\\u00f6glich wird.gehen dann auch wertvolle Erinnerungen und Verm\\u00f6genswerte verloren.<\\\/p>\\n\n\n<p><strong>Erbenschutz im Internet<\\\/strong><\\\/p>\\n\n\n<p>Angeh\\u00f6rige sehen sich zunehmend mit Nachteilen konfrontiert, weil sie die digitalen Hinterlassenschaften des Verstorbenen nicht kennen oder keinen Zugriff darauf haben. So entstehen beispielsweise \\u00fcberraschende Kosten, ohne dass entsprechende Leistungen genutzt werden k\\u00f6nnen. Oder Anspr\\u00fcche auf Guthaben werden wirkungslos, weil Guthaben unbekannt bleiben und Unternehmen nicht vom Ableben ihres ehemaligen Vertragspartners informiert werden. Diese wichtigen Beispiele veranschaulichen, dass sich die sog. Virtuelle Welt mit dem Tod eines Menschen schlagartig von der Realit\\u00e4t abspaltet und beginnt ein unkontrollierbares Eigenleben zu f\\u00fchren. Um die pers\\u00f6nliche Kontrolle und Sicherheit zur\\u00fcckzugewinnen, ermittelt, regelt und dokumentiert das Online-Schutzpaket den digitalen Nachlass. Damit werden die Angeh\\u00f6rigen und Erben wirksam gesch\\u00fctzt und in der Trauerzeit entlastet.<\\\/p>\",\"margin_remove_top\":true,\"maxwidth\":\"xlarge\"}}]},{\"name\":\"\",\"type\":\"column\",\"props\":{\"image_position\":\"center-right\",\"media_overlay_gradient\":\"\",\"width_medium\":\"1-2\",\"image\":\"\",\"image_width\":\"1000\"},\"children\":[{\"name\":\"\",\"type\":\"headline\",\"props\":{\"title_element\":\"h2\",\"content\":\"Das Online-Schutzpaket \\u2013 Vorteile und Funktionen:\",\"margin_remove_top\":false,\"title_style\":\"h2\"}},{\"type\":\"divider\",\"props\":{\"divider_element\":\"hr\",\"divider_style\":\"small\",\"maxwidth\":\"medium\"}},{\"name\":\"\",\"type\":\"text\",\"props\":{\"column_breakpoint\":\"m\",\"margin\":\"medium\",\"content\":\"\n\n<ul>\\n\n\n<li>Automatische Abmeldung von Nutzerkonten des Verstorbenen<\\\/li>\\n\n\n<li>Vertrags\\u00fcbernahme oder -k\\u00fcndigung w\\u00e4hlbar<\\\/li>\\n\n\n<li>Beendigung von fortlaufenden Kosten<\\\/li>\\n\n\n<li>Sicherung von Guthaben<\\\/li>\\n\n\n<li>Verringerung an den Verstorbenen adressierter Werbepost<\\\/li>\\n\n\n<li>Dokumentation von \\u00fcber 150 Rechercheergebnissen<\\\/li>\\n\n\n<li>Keine Passw\\u00f6rter oder Zugangsdaten erforderlich<\\\/li>\\n<\\\/ul>\",\"margin_remove_top\":true,\"maxwidth\":\"xlarge\",\"text_color\":\"emphasis\"}},{\"type\":\"button\",\"props\":{\"grid_column_gap\":\"small\",\"grid_row_gap\":\"small\",\"margin\":\"default\"},\"children\":[{\"type\":\"button_item\",\"props\":{\"button_style\":\"default\",\"icon_align\":\"left\",\"content\":\"Noch Fragen? Kontaktieren Sie uns.\",\"link\":\"index.php\\\/kontakt\\\/\"}}]}]}]}]}],\"version\":\"2.3.19\"} --><\/p>\n","protected":false},"excerpt":{"rendered":"<p>Der digitale Nachlass Bereits \u00fcber 80% der Deutschen nutzen beruflich oder privat das Internet. Was viele nicht wissen: Im Internet geschlossene Vertr\u00e4ge und Verbindlichkeiten bleiben \u00fcber den Tod hinaus bestehen. Im Trauerfall kann der digitale Nachlass f\u00fcr Angeh\u00f6rige mit erheblichen Kosten verbunden sein. Denn die meisten Nutzer informieren weder engste Vertraute \u00fcber ihre gesamten Aktivit\u00e4ten [&hellip;]<\/p>\n","protected":false},"author":1,"featured_media":0,"parent":0,"menu_order":0,"comment_status":"closed","ping_status":"closed","template":"","meta":[],"_links":{"self":[{"href":"https:\/\/bens-bestattungen.de\/index.php\/wp-json\/wp\/v2\/pages\/1007"}],"collection":[{"href":"https:\/\/bens-bestattungen.de\/index.php\/wp-json\/wp\/v2\/pages"}],"about":[{"href":"https:\/\/bens-bestattungen.de\/index.php\/wp-json\/wp\/v2\/types\/page"}],"author":[{"embeddable":true,"href":"https:\/\/bens-bestattungen.de\/index.php\/wp-json\/wp\/v2\/users\/1"}],"replies":[{"embeddable":true,"href":"https:\/\/bens-bestattungen.de\/index.php\/wp-json\/wp\/v2\/comments?post=1007"}],"version-history":[{"count":35,"href":"https:\/\/bens-bestattungen.de\/index.php\/wp-json\/wp\/v2\/pages\/1007\/revisions"}],"predecessor-version":[{"id":1082,"href":"https:\/\/bens-bestattungen.de\/index.php\/wp-json\/wp\/v2\/pages\/1007\/revisions\/1082"}],"wp:attachment":[{"href":"https:\/\/bens-bestattungen.de\/index.php\/wp-json\/wp\/v2\/media?parent=1007"}],"curies":[{"name":"wp","href":"https:\/\/api.w.org\/{rel}","templated":true}]}}